{"id":1578,"date":"2026-01-27T19:57:26","date_gmt":"2026-01-27T19:57:26","guid":{"rendered":"https:\/\/skincarestudio.com.mx\/?page_id=1578"},"modified":"2026-01-27T19:59:04","modified_gmt":"2026-01-27T19:59:04","slug":"elementor-1578","status":"publish","type":"page","link":"https:\/\/skincarestudio.com.mx\/?page_id=1578","title":{"rendered":"Postoperatorios"},"content":{"rendered":"\t\t<div data-elementor-type=\"wp-page\" data-elementor-id=\"1578\" class=\"elementor elementor-1578\" data-elementor-post-type=\"page\">\n\t\t\t\t\t\t<section class=\"elementor-section elementor-top-section elementor-element elementor-element-ccd668b elementor-section-boxed elementor-section-height-default elementor-section-height-default\" data-id=\"ccd668b\" data-element_type=\"section\" data-e-type=\"section\">\n\t\t\t\t\t\t<div class=\"elementor-container elementor-column-gap-default\">\n\t\t\t\t\t<div class=\"elementor-column elementor-col-16 elementor-top-column elementor-element elementor-element-9e17dcc\" data-id=\"9e17dcc\" data-element_type=\"column\" data-e-type=\"column\">\n\t\t\t<div class=\"elementor-widget-wrap\">\n\t\t\t\t\t\t\t<\/div>\n\t\t<\/div>\n\t\t\t\t<div class=\"elementor-column elementor-col-66 elementor-top-column elementor-element elementor-element-b2ee594\" data-id=\"b2ee594\" data-element_type=\"column\" data-e-type=\"column\">\n\t\t\t<div class=\"elementor-widget-wrap elementor-element-populated\">\n\t\t\t\t\t\t<div class=\"elementor-element elementor-element-557c170 elementor-widget elementor-widget-text-editor\" data-id=\"557c170\" data-element_type=\"widget\" data-e-type=\"widget\" data-widget_type=\"text-editor.default\">\n\t\t\t\t<div class=\"elementor-widget-container\">\n\t\t\t\t\t\t\t\t\t<div style=\"\nmax-width:720px;\nmargin:auto;\ntext-align:center;\nfont-family:Montserrat, sans-serif;\n\">\n\n  <img decoding=\"async\" \n    src=\"https:\/\/dermafuncionalmx.com\/web_images\/dermafuncional_logo.png\"\n    alt=\"Dermafuncional MX\"\n    style=\"max-width:240px;width:80%;margin-bottom:22px;\"\n  >\n\n  <h1 style=\"\n    color:#8E61A5;\n    font-weight:700;\n    margin-bottom:14px;\n  \">\n    Nace Dermafuncional MX\n  <\/h1>\n\n  <p style=\"\n    color:#8E61A5;\n    font-weight:600;\n    margin-bottom:12px;\n    font-size:17px;\n  \">\n    Divisi\u00f3n especializada de <strong>Skin Care Studio<\/strong> en\n    <strong>fisioterapia dermatofuncional y terapias postoperatorias.<\/strong>\n  <\/p>\n\n  <p style=\"\n    color:#5f4a6b;\n    line-height:1.7;\n    font-size:16px;\n    margin-bottom:26px;\n  \">\n    Creamos un espacio cl\u00ednico enfocado en la recuperaci\u00f3n est\u00e9tica,\n    rehabilitaci\u00f3n postquir\u00fargica y regeneraci\u00f3n de la piel, con protocolos\n    profesionales y tecnolog\u00eda especializada.\n  <\/p>\n\n  <a href=\"https:\/\/dermafuncionalmx.com\" target=\"_blank\" style=\"\n    display:inline-block;\n    background:#8E61A5;\n    color:white;\n    text-decoration:none;\n    padding:14px 34px;\n    border-radius:40px;\n    font-weight:600;\n    box-shadow:0 10px 25px rgba(142,97,165,.4);\n  \">\n    Conocer Dermafuncional\n  <\/a>\n\n<\/div>\n\t\t\t\t\t\t\t\t<\/div>\n\t\t\t\t<\/div>\n\t\t\t\t\t<\/div>\n\t\t<\/div>\n\t\t\t\t<div class=\"elementor-column elementor-col-16 elementor-top-column elementor-element elementor-element-5f2da93\" data-id=\"5f2da93\" data-element_type=\"column\" data-e-type=\"column\">\n\t\t\t<div class=\"elementor-widget-wrap\">\n\t\t\t\t\t\t\t<\/div>\n\t\t<\/div>\n\t\t\t\t\t<\/div>\n\t\t<\/section>\n\t\t\t\t<\/div>\n\t\t","protected":false},"excerpt":{"rendered":"<p>Nace Dermafuncional MX Divisi\u00f3n especializada de Skin Care Studio en fisioterapia dermatofuncional y terapias postoperatorias. Creamos un espacio cl\u00ednico enfocado en la recuperaci\u00f3n est\u00e9tica, rehabilitaci\u00f3n postquir\u00fargica y regeneraci\u00f3n de la piel, con protocolos profesionales y tecnolog\u00eda especializada. Conocer Dermafuncional Nace Dermafuncional MX Divisi\u00f3n especializada de Skin Care Studio en fisioterapia dermatofuncional y terapias postoperatorias. Creamos [&hellip;]<\/p>\n","protected":false},"author":1,"featured_media":0,"parent":0,"menu_order":0,"comment_status":"closed","ping_status":"closed","template":"","meta":{"footnotes":""},"class_list":["post-1578","page","type-page","status-publish","hentry"],"_links":{"self":[{"href":"https:\/\/skincarestudio.com.mx\/index.php?rest_route=\/wp\/v2\/pages\/1578","targetHints":{"allow":["GET"]}}],"collection":[{"href":"https:\/\/skincarestudio.com.mx\/index.php?rest_route=\/wp\/v2\/pages"}],"about":[{"href":"https:\/\/skincarestudio.com.mx\/index.php?rest_route=\/wp\/v2\/types\/page"}],"author":[{"embeddable":true,"href":"https:\/\/skincarestudio.com.mx\/index.php?rest_route=\/wp\/v2\/users\/1"}],"replies":[{"embeddable":true,"href":"https:\/\/skincarestudio.com.mx\/index.php?rest_route=%2Fwp%2Fv2%2Fcomments&post=1578"}],"version-history":[{"count":5,"href":"https:\/\/skincarestudio.com.mx\/index.php?rest_route=\/wp\/v2\/pages\/1578\/revisions"}],"predecessor-version":[{"id":1586,"href":"https:\/\/skincarestudio.com.mx\/index.php?rest_route=\/wp\/v2\/pages\/1578\/revisions\/1586"}],"wp:attachment":[{"href":"https:\/\/skincarestudio.com.mx\/index.php?rest_route=%2Fwp%2Fv2%2Fmedia&parent=1578"}],"curies":[{"name":"wp","href":"https:\/\/api.w.org\/{rel}","templated":true}]}}