{"id":575,"date":"2022-12-29T18:44:59","date_gmt":"2022-12-29T18:44:59","guid":{"rendered":"https:\/\/skincarestudio.com.mx\/?page_id=575"},"modified":"2025-11-28T17:01:25","modified_gmt":"2025-11-28T17:01:25","slug":"cursos","status":"publish","type":"page","link":"https:\/\/skincarestudio.com.mx\/?page_id=575","title":{"rendered":"CURSOS"},"content":{"rendered":"\t\t<div data-elementor-type=\"wp-page\" data-elementor-id=\"575\" class=\"elementor elementor-575\" data-elementor-post-type=\"page\">\n\t\t\t\t\t\t<section class=\"elementor-section elementor-top-section elementor-element elementor-element-13de19b elementor-section-boxed elementor-section-height-default elementor-section-height-default\" data-id=\"13de19b\" data-element_type=\"section\" data-e-type=\"section\">\n\t\t\t\t\t\t<div class=\"elementor-container elementor-column-gap-default\">\n\t\t\t\t\t<div class=\"elementor-column elementor-col-100 elementor-top-column elementor-element elementor-element-ee69984\" data-id=\"ee69984\" data-element_type=\"column\" data-e-type=\"column\">\n\t\t\t<div class=\"elementor-widget-wrap elementor-element-populated\">\n\t\t\t\t\t\t<div class=\"elementor-element elementor-element-00143c6 elementor-position-top elementor-widget elementor-widget-image-box\" data-id=\"00143c6\" data-element_type=\"widget\" data-e-type=\"widget\" data-widget_type=\"image-box.default\">\n\t\t\t\t<div class=\"elementor-widget-container\">\n\t\t\t\t\t<div class=\"elementor-image-box-wrapper\"><figure class=\"elementor-image-box-img\"><img decoding=\"async\" src=\"https:\/\/skincarestudio.com.mx\/wp-content\/uploads\/2025\/11\/Gemini_Generated_Image_ty40wpty40wpty40.png\" title=\"Gemini_Generated_Image_ty40wpty40wpty40\" alt=\"Gemini_Generated_Image_ty40wpty40wpty40\" class=\"elementor-animation-hang\" loading=\"lazy\" \/><\/figure><div class=\"elementor-image-box-content\"><h3 class=\"elementor-image-box-title\">Micropuntura<\/h3><p class=\"elementor-image-box-description\"><div class=\"fondo-estetica\">\n    <div class=\"micropuntura-card\">\n        <h2>Curso de Micropuntura<\/h2>\n\n        <p>Micropuntura es un tratamiento altamente demandado en la consulta est\u00e9tica para eliminar este, rejuvenecimiento, tratamiento de pigmentaciones, cicatrices, celulitis, flacidez y alopecia.<\/p>\n\n        <p>Conoce la aplicaci\u00f3n, usos, protocolos y principios activos de este procedimiento.<\/p>\n\n        <div class=\"divider\"><\/div>\n\n        <p><strong>Objetivos:<\/strong><\/p>\n        <ul>\n            <li>Conocer el funcionamiento del col\u00e1geno y c\u00f3mo estimularlo<\/li>\n            <li>Beneficios y uso de micropuntura<\/li>\n            <li>Aprender el uso del dispositivo<\/li>\n            <li>T\u00e9cnicas de aplicaci\u00f3n<\/li>\n            <li>Ingredientes activos y su funci\u00f3n<\/li>\n        <\/ul>\n\n        <p><strong>Duraci\u00f3n:<\/strong> 4 horas presencial<\/p>\n\n        <div class=\"divider\"><\/div>\n\n        <p><strong>Temario:<\/strong><\/p>\n        <ul>\n            <li>Histolog\u00eda de la piel<\/li>\n            <li>El col\u00e1geno y la regeneraci\u00f3n celular<\/li>\n            <li>Beneficios y uso<\/li>\n            <li>Ingredientes activos<\/li>\n            <li>C\u00f3mo preparar la piel del paciente<\/li>\n            <li>T\u00e9cnica de aplicaci\u00f3n<\/li>\n            <li>Aparatolog\u00eda complementaria<\/li>\n        <\/ul>\n    <\/div>\n<\/div><\/p><\/div><\/div>\t\t\t\t<\/div>\n\t\t\t\t<\/div>\n\t\t\t\t\t<\/div>\n\t\t<\/div>\n\t\t\t\t\t<\/div>\n\t\t<\/section>\n\t\t\t\t<\/div>\n\t\t","protected":false},"excerpt":{"rendered":"<p>Micropuntura Curso de Micropuntura Micropuntura es un tratamiento altamente demandado en la consulta est\u00e9tica para eliminar este, rejuvenecimiento, tratamiento de pigmentaciones, cicatrices, celulitis, flacidez y alopecia. Conoce la aplicaci\u00f3n, usos, protocolos y principios activos de este procedimiento. Objetivos: Conocer el funcionamiento del col\u00e1geno y c\u00f3mo estimularlo Beneficios y uso de micropuntura Aprender el uso del [&hellip;]<\/p>\n","protected":false},"author":1,"featured_media":0,"parent":0,"menu_order":0,"comment_status":"closed","ping_status":"closed","template":"","meta":{"footnotes":""},"class_list":["post-575","page","type-page","status-publish","hentry"],"_links":{"self":[{"href":"https:\/\/skincarestudio.com.mx\/index.php?rest_route=\/wp\/v2\/pages\/575","targetHints":{"allow":["GET"]}}],"collection":[{"href":"https:\/\/skincarestudio.com.mx\/index.php?rest_route=\/wp\/v2\/pages"}],"about":[{"href":"https:\/\/skincarestudio.com.mx\/index.php?rest_route=\/wp\/v2\/types\/page"}],"author":[{"embeddable":true,"href":"https:\/\/skincarestudio.com.mx\/index.php?rest_route=\/wp\/v2\/users\/1"}],"replies":[{"embeddable":true,"href":"https:\/\/skincarestudio.com.mx\/index.php?rest_route=%2Fwp%2Fv2%2Fcomments&post=575"}],"version-history":[{"count":38,"href":"https:\/\/skincarestudio.com.mx\/index.php?rest_route=\/wp\/v2\/pages\/575\/revisions"}],"predecessor-version":[{"id":1552,"href":"https:\/\/skincarestudio.com.mx\/index.php?rest_route=\/wp\/v2\/pages\/575\/revisions\/1552"}],"wp:attachment":[{"href":"https:\/\/skincarestudio.com.mx\/index.php?rest_route=%2Fwp%2Fv2%2Fmedia&parent=575"}],"curies":[{"name":"wp","href":"https:\/\/api.w.org\/{rel}","templated":true}]}}